{"id":148,"date":"2023-04-03T14:19:29","date_gmt":"2023-04-03T14:19:29","guid":{"rendered":"https:\/\/cvalalba.com\/politica-de-privacidad\/"},"modified":"2023-10-02T11:39:12","modified_gmt":"2023-10-02T11:39:12","slug":"politica-de-privacidad","status":"publish","type":"page","link":"https:\/\/cvalalba.com\/en\/politica-de-privacidad\/","title":{"rendered":"Pol\u00edtica de Privacidad"},"content":{"rendered":"<p>[et_pb_section fb_built=\u00bb1&#8243; custom_padding_last_edited=\u00bbon|phone\u00bb _builder_version=\u00bb4.21.0&#8243; _module_preset=\u00bbdefault\u00bb background_image=\u00bbhttps:\/\/cvalalba.com\/wp-content\/uploads\/2023\/09\/1634739559227-scaled.jpg\u00bb background_size=\u00bbcustom\u00bb background_image_width=\u00bb60%\u00bb background_position=\u00bbcenter_right\u00bb background_enable_mask_style=\u00bbon\u00bb background_mask_style=\u00bbcorner-blob\u00bb background_mask_color=\u00bb#003399&#8243; background_mask_aspect_ratio=\u00bbportrait\u00bb background_mask_size=\u00bbcover\u00bb background_mask_position=\u00bbbottom_right\u00bb background_mask_horizontal_offset=\u00bb16%\u00bb background_mask_vertical_offset=\u00bb54%\u00bb custom_padding=\u00bb200px||||false|false\u00bb custom_padding_tablet=\u00bb200px||||false|false\u00bb custom_padding_phone=\u00bb150px||||false|false\u00bb hover_enabled=\u00bb0&#8243; background_last_edited=\u00bbon|desktop\u00bb use_background_color_gradient_phone=\u00bbon\u00bb background_color_gradient_stops_phone=\u00bbrgba(159,16,102,0.3) 0%|rgba(159,16,102,0.52) 100%\u00bb background_color_gradient_overlays_image_phone=\u00bbon\u00bb background_size_tablet=\u00bbcustom\u00bb background_size_phone=\u00bbcover\u00bb background_image_width_tablet=\u00bb71%\u00bb background_image_width_phone=\u00bb100%\u00bb background_position_tablet=\u00bbbottom_right\u00bb background_horizontal_offset_phone=\u00bb100%\u00bb background_vertical_offset_phone=\u00bb100%\u00bb background_mask_color_phone=\u00bbRGBA(255,255,255,0)\u00bb background_mask_vertical_offset_tablet=\u00bb57%\u00bb global_colors_info=\u00bb{}\u00bb title_text=\u00bb1634739559227&#8243; sticky_enabled=\u00bb0&#8243;][et_pb_row _builder_version=\u00bb4.20.2&#8243; _module_preset=\u00bbdefault\u00bb custom_padding=\u00bb0px||0px||true|false\u00bb hover_enabled=\u00bb0&#8243; global_colors_info=\u00bb{}\u00bb sticky_enabled=\u00bb0&#8243;][et_pb_column type=\u00bb4_4&#8243; _builder_version=\u00bb4.20.2&#8243; _module_preset=\u00bbdefault\u00bb hover_enabled=\u00bb0&#8243; global_colors_info=\u00bb{}\u00bb sticky_enabled=\u00bb0&#8243;][et_pb_text _builder_version=\u00bb4.21.0&#8243; _module_preset=\u00bb4d65e856-1d32-45da-8e0b-242aa1f282a2&#8243; header_5_text_color=\u00bb#FFFFFF\u00bb custom_margin=\u00bb||5px||false|false\u00bb hover_enabled=\u00bb0&#8243; global_colors_info=\u00bb{%22gcid-e7308a3f-c783-4d8c-91ee-2ad13d56ec45%22:%91%22header_2_text_color%22,%22header_3_text_color%22,%22header_4_text_color%22,%22header_2_text_color%22,%22header_3_text_color%22,%22header_4_text_color%22%93,%22gcid-8323165f-da91-4be0-b31b-381a5027f40d%22:%91%22header_6_text_color%22,%22header_6_text_color%22%93,%22gcid-e96f76f2-8dc5-4abd-b04b-2358d1f1a2e4%22:%91%22text_text_color%22,%22text_text_color%22%93}\u00bb custom_padding=\u00bb1px|||||\u00bb sticky_enabled=\u00bb0&#8243;]<\/p>\n<h5>Centro Veterinario Al Alba<\/h5>\n<p>[\/et_pb_text][et_pb_text _builder_version=\u00bb4.20.2&#8243; _dynamic_attributes=\u00bbcontent\u00bb _module_preset=\u00bb4d65e856-1d32-45da-8e0b-242aa1f282a2&#8243; header_text_color=\u00bbgcid-e364875f-75a2-455b-b389-e0c42d61411a\u00bb header_2_text_color=\u00bbgcid-e364875f-75a2-455b-b389-e0c42d61411a\u00bb hover_enabled=\u00bb0&#8243; global_colors_info=\u00bb{%22gcid-e7308a3f-c783-4d8c-91ee-2ad13d56ec45%22:%91%22header_2_text_color%22,%22header_3_text_color%22,%22header_4_text_color%22,%22header_3_text_color%22,%22header_4_text_color%22,%22header_3_text_color%22,%22header_4_text_color%22%93,%22gcid-8323165f-da91-4be0-b31b-381a5027f40d%22:%91%22header_5_text_color%22,%22header_6_text_color%22,%22header_5_text_color%22,%22header_6_text_color%22,%22header_5_text_color%22,%22header_6_text_color%22%93,%22gcid-e96f76f2-8dc5-4abd-b04b-2358d1f1a2e4%22:%91%22text_text_color%22,%22text_text_color%22,%22text_text_color%22%93,%22gcid-e364875f-75a2-455b-b389-e0c42d61411a%22:%91%22header_2_text_color%22,%22header_text_color%22%93}\u00bb sticky_enabled=\u00bb0&#8243;]@ET-DC@eyJkeW5hbWljIjp0cnVlLCJjb250ZW50IjoicG9zdF90aXRsZSIsInNldHRpbmdzIjp7ImJlZm9yZSI6IjxoMT4iLCJhZnRlciI6IjwvaDE+In19@[\/et_pb_text][\/et_pb_column][\/et_pb_row][\/et_pb_section][et_pb_section fb_built=\u00bb1&#8243; _builder_version=\u00bb4.20.2&#8243; _module_preset=\u00bbdefault\u00bb global_colors_info=\u00bb{}\u00bb][et_pb_row _builder_version=\u00bb4.20.2&#8243; _module_preset=\u00bbdefault\u00bb global_colors_info=\u00bb{}\u00bb][et_pb_column type=\u00bb4_4&#8243; _builder_version=\u00bb4.20.2&#8243; _module_preset=\u00bbdefault\u00bb global_colors_info=\u00bb{}\u00bb][et_pb_text _builder_version=\u00bb4.21.0&#8243; _module_preset=\u00bbdefault\u00bb link_font=\u00bb||||on||||\u00bb link_text_color=\u00bbgcid-8323165f-da91-4be0-b31b-381a5027f40d\u00bb header_4_text_color=\u00bbgcid-8323165f-da91-4be0-b31b-381a5027f40d\u00bb hover_enabled=\u00bb0&#8243; global_colors_info=\u00bb{%22gcid-e7308a3f-c783-4d8c-91ee-2ad13d56ec45%22:%91%22header_2_text_color%22,%22header_3_text_color%22,%22header_2_text_color%22,%22header_3_text_color%22,%22header_2_text_color%22,%22header_3_text_color%22,%22header_2_text_color%22,%22header_3_text_color%22%93,%22gcid-8323165f-da91-4be0-b31b-381a5027f40d%22:%91%22header_5_text_color%22,%22header_6_text_color%22,%22link_text_color%22,%22header_4_text_color%22%93,%22gcid-e96f76f2-8dc5-4abd-b04b-2358d1f1a2e4%22:%91%22text_text_color%22,%22text_text_color%22,%22text_text_color%22,%22text_text_color%22%93}\u00bb sticky_enabled=\u00bb0&#8243;]<\/p>\n<h4><span style=\"color: #333399;\">Advertencias sobre el tratamiento de los datos en relaci\u00f3n con Google Analytics<\/span><\/h4>\n<p>Este sitio web hace uso de Google Analytics, un servicio de an\u00e1lisis web de Google Ireland Limited. Cuando el responsable del tratamiento de los datos en este sitio web tenga su sede fuera del Espacio Econ\u00f3mico Europeo o de Suiza, el tratamiento de los datos por parte de Google Analytics tendr\u00e1 lugar por Google LLC. Google LLC y Google Ireland Limited se denominar\u00e1n en lo sucesivo \u00abGoogle\u00bb. Cuando se utiliza Google Analytics, Jimdo proporciona el servicio t\u00e9cnico del tratamiento de los datos. Por la presente se remite a este respecto a la pol\u00edtica de privacidad de<span>\u00a0<\/span><span style=\"color: #333399;\"><a href=\"https:\/\/es.jimdo.com\/info\/politica-de-privacidad\/\" style=\"color: #333399;\">Jimdo<\/a>.<\/span> Jimdo GmbH (Jimdo GmbH, Stresemannstrasse 375, 22761 Hamburgo &#8211; Alemania,<span style=\"color: #333399;\">\u00a0<a href=\"mailto:Datenschutz@jimdo.com\" style=\"color: #333399;\">Datenschutz@jimdo.com<\/a>),<\/span> as\u00ed como el operador de este sitio web, tienen una responsabilidad conjunta sobre el tratamiento de los datos en relaci\u00f3n con Google Analytics en este sitio web.<\/p>\n<p>Google Analytics utiliza las denominadas \u00abcookies\u00bb, archivos de texto que se almacenan en el dispositivo usado y que facilitan un an\u00e1lisis del uso del sitio web por parte del visitante del sitio. La informaci\u00f3n generada por la cookie sobre su uso de este sitio web se transmite por regla general a un servidor de Google en Estados Unidos y se almacena all\u00ed.<\/p>\n<p>Google Analytics se utilizar\u00e1 en este sitio web exclusivamente con la extensi\u00f3n \u00ab_anonymizeIp()\u00bb. Esta extensi\u00f3n garantiza una anonimizaci\u00f3n de la direcci\u00f3n IP mediante su acortamiento y excluye una asociaci\u00f3n directa con las personas. A trav\u00e9s de la extensi\u00f3n, Google acortar\u00e1 la direcci\u00f3n IP dentro de los Estados miembros de la Uni\u00f3n Europea o de otros Estados partes del Acuerdo sobre el Espacio Econ\u00f3mico Europeo antes de su transmisi\u00f3n. La direcci\u00f3n IP transmitida por el navegador correspondiente en el marco de Google Analytics no se combina con otros datos de Google.<\/p>\n<p>En nombre de Jimdo y del operador del sitio web, Google usar\u00e1 la informaci\u00f3n obtenida para evaluar el uso del sitio web, para redactar informes sobre las actividades del sitio web y para prestar m\u00e1s servicios relacionados con el uso del sitio web de cara a Jimdo y al operador del sitio web (art\u00edculo 6, p\u00e1rrafo 1, letra f del RGPD). El inter\u00e9s leg\u00edtimo en el tratamiento de los datos radica en la optimizaci\u00f3n de este sitio web, en el an\u00e1lisis del uso del sitio web y en la adaptaci\u00f3n de los contenidos, la cual se posibilita a trav\u00e9s de la puesta a disposici\u00f3n de las funciones estad\u00edsticas de Jimdo. Los intereses de los usuarios se proteger\u00e1n de manera suficiente mediante la seudonimizaci\u00f3n.<\/p>\n<p>Google LLC garantiza el mantenimiento de un nivel adecuado de protecci\u00f3n de datos en base a las cl\u00e1usulas contractuales est\u00e1ndares europeas. La informaci\u00f3n enviada y vinculada a las cookies de Google Analyticas, p.ej., las ID de usuarios o los identificadores de publicidad se eliminar\u00e1n autom\u00e1ticamente tras 50 meses. La supresi\u00f3n de los datos que alcanzan su per\u00edodo de retenci\u00f3n se realiza de manera autom\u00e1tica una vez al mes.<\/p>\n<p>La recopilaci\u00f3n mediante Google Analytics puede evitarse si el visitante del sitio ajusta la configuraci\u00f3n de las cookies para este sitio web. Adem\u00e1s, la recopilaci\u00f3n y el almacenamiento de la direcci\u00f3n IP y de los datos generados por las cookies tambi\u00e9n pueden ser objeto de oposici\u00f3n en cualquier momento con efecto para el futuro. El complemento del navegador correspondiente puede descargarse e instalarse a trav\u00e9s del siguiente enlace:<span>\u00a0<\/span><a href=\"https:\/\/tools.google.com\/dlpage\/gaoptout?hl=es\">https:\/\/tools.google.com\/dlpage\/gaoptout<\/a>.<\/p>\n<p>El visitante de la p\u00e1gina puede desactivar el uso de datos de Google Analytics haciendo clic en<span>\u00a0<\/span><a href=\"https:\/\/www.kissaveterinarios.eu\/configuracion-de-cookies\/\">este enlace<\/a>. A continuaci\u00f3n, se activar\u00e1 una Opt-Out-Cookie que bloquear\u00e1 el uso de sus datos al visitar esta p\u00e1gina web.<\/p>\n<p>Encontrar\u00e1 m\u00e1s informaci\u00f3n sobre las condiciones de uso y la protecci\u00f3n de datos de Google en las<span>\u00a0<\/span><a href=\"https:\/\/www.google.com\/analytics\/terms\/es.html\">Condiciones de Google Analytics<\/a><span>\u00a0<\/span>o en la<span>\u00a0<\/span><a href=\"https:\/\/policies.google.com\/privacy?hl=es\">vista general de Google Analytics<\/a>.<\/p>\n<p>Seg\u00fan la legislaci\u00f3n pertinente y el RGPD, los visitantes del sitio web tienen ciertos derechos con respecto a sus datos personales tratados a trav\u00e9s de este tratamiento de datos de Google Analytics. En especial, tienen un derecho de acceso, rectificaci\u00f3n, portabilidad y supresi\u00f3n de sus datos. Asimismo, los visitantes del sitio tienen derecho a oponerse a un determinado tratamiento de sus datos. Para ejercer estos derechos de los interesados con respecto al tratamiento de datos de Google Analytics en este sitio web, el interesado (visitante del sitio web) puede ponerse en contacto en cualquier momento con Jimdo (Jimdo GmbH,<span>\u00a0<\/span><a href=\"mailto:datenschutz@jimdo.com\">datenschutz@jimdo.com<\/a>) o con el operador del sitio web.<\/p>\n<p>[\/et_pb_text][\/et_pb_column][\/et_pb_row][\/et_pb_section]<\/p>","protected":false},"excerpt":{"rendered":"<p>Centro Veterinario Al AlbaAdvertencias sobre el tratamiento de los datos en relaci\u00f3n con Google Analytics Este sitio web hace uso de Google Analytics, un servicio de an\u00e1lisis web de Google Ireland Limited. Cuando el responsable del tratamiento de los datos en este sitio web tenga su sede fuera del Espacio Econ\u00f3mico Europeo o de Suiza, [&hellip;]<\/p>","protected":false},"author":1,"featured_media":0,"parent":0,"menu_order":0,"comment_status":"closed","ping_status":"closed","template":"","meta":{"_et_pb_use_builder":"on","_et_pb_old_content":"<!-- wp:divi\/placeholder \/-->","_et_gb_content_width":"","footnotes":""},"class_list":["post-148","page","type-page","status-publish","hentry"],"yoast_head":"<!-- This site is optimized with the Yoast SEO plugin v23.8 - https:\/\/yoast.com\/wordpress\/plugins\/seo\/ -->\n<title>Pol\u00edtica de Privacidad - Centro Veterinario Al Alba<\/title>\n<meta name=\"robots\" content=\"index, follow, max-snippet:-1, max-image-preview:large, max-video-preview:-1\" \/>\n<link rel=\"canonical\" href=\"https:\/\/cvalalba.com\/en\/politica-de-privacidad\/\" \/>\n<meta property=\"og:locale\" content=\"en_GB\" \/>\n<meta property=\"og:type\" content=\"article\" \/>\n<meta property=\"og:title\" content=\"Pol\u00edtica de Privacidad - Centro Veterinario Al Alba\" \/>\n<meta property=\"og:description\" content=\"Centro Veterinario Al AlbaAdvertencias sobre el tratamiento de los datos en relaci\u00f3n con Google Analytics Este sitio web hace uso de Google Analytics, un servicio de an\u00e1lisis web de Google Ireland Limited. Cuando el responsable del tratamiento de los datos en este sitio web tenga su sede fuera del Espacio Econ\u00f3mico Europeo o de Suiza, [&hellip;]\" \/>\n<meta property=\"og:url\" content=\"https:\/\/cvalalba.com\/en\/politica-de-privacidad\/\" \/>\n<meta property=\"og:site_name\" content=\"Centro Veterinario Al Alba\" \/>\n<meta property=\"article:publisher\" content=\"https:\/\/www.facebook.com\/centrokissa\/\" \/>\n<meta property=\"article:modified_time\" content=\"2023-10-02T11:39:12+00:00\" \/>\n<meta name=\"twitter:card\" content=\"summary_large_image\" \/>\n<meta name=\"twitter:label1\" content=\"Estimated reading time\" \/>\n\t<meta name=\"twitter:data1\" content=\"7 minutes\" \/>\n<script type=\"application\/ld+json\" class=\"yoast-schema-graph\">{\"@context\":\"https:\/\/schema.org\",\"@graph\":[{\"@type\":\"WebPage\",\"@id\":\"https:\/\/cvalalba.com\/politica-de-privacidad\/\",\"url\":\"https:\/\/cvalalba.com\/politica-de-privacidad\/\",\"name\":\"Pol\u00edtica de Privacidad - Centro Veterinario Al Alba\",\"isPartOf\":{\"@id\":\"https:\/\/cvalalba.com\/#website\"},\"datePublished\":\"2023-04-03T14:19:29+00:00\",\"dateModified\":\"2023-10-02T11:39:12+00:00\",\"breadcrumb\":{\"@id\":\"https:\/\/cvalalba.com\/politica-de-privacidad\/#breadcrumb\"},\"inLanguage\":\"en-GB\",\"potentialAction\":[{\"@type\":\"ReadAction\",\"target\":[\"https:\/\/cvalalba.com\/politica-de-privacidad\/\"]}]},{\"@type\":\"BreadcrumbList\",\"@id\":\"https:\/\/cvalalba.com\/politica-de-privacidad\/#breadcrumb\",\"itemListElement\":[{\"@type\":\"ListItem\",\"position\":1,\"name\":\"Portada\",\"item\":\"https:\/\/cvalalba.com\/\"},{\"@type\":\"ListItem\",\"position\":2,\"name\":\"Pol\u00edtica de Privacidad\"}]},{\"@type\":\"WebSite\",\"@id\":\"https:\/\/cvalalba.com\/#website\",\"url\":\"https:\/\/cvalalba.com\/\",\"name\":\"Centro Veterinario Al Alba\",\"description\":\"&lsquo;&rsquo;La receta de la felicidad, su salud&rsquo;&rsquo;\",\"publisher\":{\"@id\":\"https:\/\/cvalalba.com\/#organization\"},\"potentialAction\":[{\"@type\":\"SearchAction\",\"target\":{\"@type\":\"EntryPoint\",\"urlTemplate\":\"https:\/\/cvalalba.com\/?s={search_term_string}\"},\"query-input\":{\"@type\":\"PropertyValueSpecification\",\"valueRequired\":true,\"valueName\":\"search_term_string\"}}],\"inLanguage\":\"en-GB\"},{\"@type\":\"Organization\",\"@id\":\"https:\/\/cvalalba.com\/#organization\",\"name\":\"Hospital Veterinario Kissa\",\"url\":\"https:\/\/cvalalba.com\/\",\"logo\":{\"@type\":\"ImageObject\",\"inLanguage\":\"en-GB\",\"@id\":\"https:\/\/cvalalba.com\/#\/schema\/logo\/image\/\",\"url\":\"https:\/\/cvalalba.com\/wp-content\/uploads\/2023\/06\/kissa-logotipo-def-1.png\",\"contentUrl\":\"https:\/\/cvalalba.com\/wp-content\/uploads\/2023\/06\/kissa-logotipo-def-1.png\",\"width\":435,\"height\":434,\"caption\":\"Hospital Veterinario Kissa\"},\"image\":{\"@id\":\"https:\/\/cvalalba.com\/#\/schema\/logo\/image\/\"},\"sameAs\":[\"https:\/\/www.facebook.com\/centrokissa\/\",\"https:\/\/www.instagram.com\/centroveterinariokissa\/?hl=es\"]}]}<\/script>\n<!-- \/ Yoast SEO plugin. -->","yoast_head_json":{"title":"Pol\u00edtica de Privacidad - Centro Veterinario Al Alba","robots":{"index":"index","follow":"follow","max-snippet":"max-snippet:-1","max-image-preview":"max-image-preview:large","max-video-preview":"max-video-preview:-1"},"canonical":"https:\/\/cvalalba.com\/en\/politica-de-privacidad\/","og_locale":"en_GB","og_type":"article","og_title":"Pol\u00edtica de Privacidad - Centro Veterinario Al Alba","og_description":"Centro Veterinario Al AlbaAdvertencias sobre el tratamiento de los datos en relaci\u00f3n con Google Analytics Este sitio web hace uso de Google Analytics, un servicio de an\u00e1lisis web de Google Ireland Limited. Cuando el responsable del tratamiento de los datos en este sitio web tenga su sede fuera del Espacio Econ\u00f3mico Europeo o de Suiza, [&hellip;]","og_url":"https:\/\/cvalalba.com\/en\/politica-de-privacidad\/","og_site_name":"Centro Veterinario Al Alba","article_publisher":"https:\/\/www.facebook.com\/centrokissa\/","article_modified_time":"2023-10-02T11:39:12+00:00","twitter_card":"summary_large_image","twitter_misc":{"Estimated reading time":"7 minutes"},"schema":{"@context":"https:\/\/schema.org","@graph":[{"@type":"WebPage","@id":"https:\/\/cvalalba.com\/politica-de-privacidad\/","url":"https:\/\/cvalalba.com\/politica-de-privacidad\/","name":"Pol\u00edtica de Privacidad - Centro Veterinario Al Alba","isPartOf":{"@id":"https:\/\/cvalalba.com\/#website"},"datePublished":"2023-04-03T14:19:29+00:00","dateModified":"2023-10-02T11:39:12+00:00","breadcrumb":{"@id":"https:\/\/cvalalba.com\/politica-de-privacidad\/#breadcrumb"},"inLanguage":"en-GB","potentialAction":[{"@type":"ReadAction","target":["https:\/\/cvalalba.com\/politica-de-privacidad\/"]}]},{"@type":"BreadcrumbList","@id":"https:\/\/cvalalba.com\/politica-de-privacidad\/#breadcrumb","itemListElement":[{"@type":"ListItem","position":1,"name":"Portada","item":"https:\/\/cvalalba.com\/"},{"@type":"ListItem","position":2,"name":"Pol\u00edtica de Privacidad"}]},{"@type":"WebSite","@id":"https:\/\/cvalalba.com\/#website","url":"https:\/\/cvalalba.com\/","name":"Centro Veterinario Al Alba","description":"&lsquo;&rsquo;La receta de la felicidad, su salud&rsquo;&rsquo;","publisher":{"@id":"https:\/\/cvalalba.com\/#organization"},"potentialAction":[{"@type":"SearchAction","target":{"@type":"EntryPoint","urlTemplate":"https:\/\/cvalalba.com\/?s={search_term_string}"},"query-input":{"@type":"PropertyValueSpecification","valueRequired":true,"valueName":"search_term_string"}}],"inLanguage":"en-GB"},{"@type":"Organization","@id":"https:\/\/cvalalba.com\/#organization","name":"Hospital Veterinario Kissa","url":"https:\/\/cvalalba.com\/","logo":{"@type":"ImageObject","inLanguage":"en-GB","@id":"https:\/\/cvalalba.com\/#\/schema\/logo\/image\/","url":"https:\/\/cvalalba.com\/wp-content\/uploads\/2023\/06\/kissa-logotipo-def-1.png","contentUrl":"https:\/\/cvalalba.com\/wp-content\/uploads\/2023\/06\/kissa-logotipo-def-1.png","width":435,"height":434,"caption":"Hospital Veterinario Kissa"},"image":{"@id":"https:\/\/cvalalba.com\/#\/schema\/logo\/image\/"},"sameAs":["https:\/\/www.facebook.com\/centrokissa\/","https:\/\/www.instagram.com\/centroveterinariokissa\/?hl=es"]}]}},"_links":{"self":[{"href":"https:\/\/cvalalba.com\/en\/wp-json\/wp\/v2\/pages\/148","targetHints":{"allow":["GET"]}}],"collection":[{"href":"https:\/\/cvalalba.com\/en\/wp-json\/wp\/v2\/pages"}],"about":[{"href":"https:\/\/cvalalba.com\/en\/wp-json\/wp\/v2\/types\/page"}],"author":[{"embeddable":true,"href":"https:\/\/cvalalba.com\/en\/wp-json\/wp\/v2\/users\/1"}],"replies":[{"embeddable":true,"href":"https:\/\/cvalalba.com\/en\/wp-json\/wp\/v2\/comments?post=148"}],"version-history":[{"count":1,"href":"https:\/\/cvalalba.com\/en\/wp-json\/wp\/v2\/pages\/148\/revisions"}],"predecessor-version":[{"id":472,"href":"https:\/\/cvalalba.com\/en\/wp-json\/wp\/v2\/pages\/148\/revisions\/472"}],"wp:attachment":[{"href":"https:\/\/cvalalba.com\/en\/wp-json\/wp\/v2\/media?parent=148"}],"curies":[{"name":"wp","href":"https:\/\/api.w.org\/{rel}","templated":true}]}}