{"id":153,"date":"2023-04-01T05:33:17","date_gmt":"2023-04-01T05:33:17","guid":{"rendered":"https:\/\/cvalalba.com\/conocenos\/"},"modified":"2024-06-14T15:01:53","modified_gmt":"2024-06-14T15:01:53","slug":"acerca-de","status":"publish","type":"page","link":"https:\/\/cvalalba.com\/en\/acerca-de\/","title":{"rendered":"Con\u00f3cenos"},"content":{"rendered":"<p>[et_pb_section fb_built=\u00bb1&#8243; custom_padding_last_edited=\u00bbon|phone\u00bb _builder_version=\u00bb4.24.2&#8243; _module_preset=\u00bbdefault\u00bb background_enable_color=\u00bboff\u00bb background_image=\u00bbhttps:\/\/cvalalba.com\/wp-content\/uploads\/2023\/10\/1696672210178-scaled.jpg\u00bb background_size=\u00bbcustom\u00bb background_image_width=\u00bb60%\u00bb background_position=\u00bbcenter_right\u00bb background_enable_mask_style=\u00bbon\u00bb background_mask_style=\u00bbcorner-blob\u00bb background_mask_color=\u00bb#003399&#8243; background_mask_aspect_ratio=\u00bbportrait\u00bb background_mask_size=\u00bbcover\u00bb background_mask_position=\u00bbbottom_right\u00bb background_mask_horizontal_offset=\u00bb16%\u00bb background_mask_vertical_offset=\u00bb54%\u00bb custom_padding=\u00bb200px||||false|false\u00bb custom_padding_tablet=\u00bb200px||||false|false\u00bb custom_padding_phone=\u00bb150px||||false|false\u00bb hover_enabled=\u00bb0&#8243; background_last_edited=\u00bbon|phone\u00bb use_background_color_gradient_phone=\u00bboff\u00bb background_color_gradient_overlays_image_phone=\u00bbon\u00bb background_size_tablet=\u00bbcustom\u00bb background_size_phone=\u00bbcover\u00bb background_image_width_tablet=\u00bb71%\u00bb background_image_width_phone=\u00bb100%\u00bb background_position_tablet=\u00bbbottom_right\u00bb background_horizontal_offset_phone=\u00bb100%\u00bb background_vertical_offset_phone=\u00bb100%\u00bb background_enable_mask_style_phone=\u00bbon\u00bb background_mask_style_phone=\u00bbcorner-blob\u00bb background_mask_color_phone=\u00bb#003399&#8243; background_mask_vertical_offset_tablet=\u00bb57%\u00bb global_colors_info=\u00bb{}\u00bb title_text=\u00bb1696672210178&#8243; sticky_enabled=\u00bb0&#8243;][et_pb_row _builder_version=\u00bb4.20.2&#8243; _module_preset=\u00bbdefault\u00bb custom_padding=\u00bb0px||0px||true|false\u00bb global_colors_info=\u00bb{}\u00bb][et_pb_column type=\u00bb4_4&#8243; _builder_version=\u00bb4.20.2&#8243; _module_preset=\u00bbdefault\u00bb global_colors_info=\u00bb{}\u00bb][et_pb_text _builder_version=\u00bb4.21.0&#8243; _module_preset=\u00bb4d65e856-1d32-45da-8e0b-242aa1f282a2&#8243; header_5_text_color=\u00bb#FFFFFF\u00bb custom_margin=\u00bb||5px||false|false\u00bb global_colors_info=\u00bb{%22gcid-e7308a3f-c783-4d8c-91ee-2ad13d56ec45%22:%91%22header_2_text_color%22,%22header_3_text_color%22,%22header_4_text_color%22,%22header_2_text_color%22,%22header_3_text_color%22,%22header_4_text_color%22%93,%22gcid-8323165f-da91-4be0-b31b-381a5027f40d%22:%91%22header_6_text_color%22,%22header_6_text_color%22%93,%22gcid-e96f76f2-8dc5-4abd-b04b-2358d1f1a2e4%22:%91%22text_text_color%22,%22text_text_color%22%93}\u00bb]<\/p>\n<h5>Centro veterinario Al Alba<\/h5>\n<p>[\/et_pb_text][et_pb_text _builder_version=\u00bb4.20.2&#8243; _dynamic_attributes=\u00bbcontent\u00bb _module_preset=\u00bb4d65e856-1d32-45da-8e0b-242aa1f282a2&#8243; header_text_color=\u00bbgcid-e364875f-75a2-455b-b389-e0c42d61411a\u00bb header_2_text_color=\u00bbgcid-e364875f-75a2-455b-b389-e0c42d61411a\u00bb global_colors_info=\u00bb{%22gcid-e7308a3f-c783-4d8c-91ee-2ad13d56ec45%22:%91%22header_2_text_color%22,%22header_3_text_color%22,%22header_4_text_color%22,%22header_3_text_color%22,%22header_4_text_color%22,%22header_3_text_color%22,%22header_4_text_color%22%93,%22gcid-8323165f-da91-4be0-b31b-381a5027f40d%22:%91%22header_5_text_color%22,%22header_6_text_color%22,%22header_5_text_color%22,%22header_6_text_color%22,%22header_5_text_color%22,%22header_6_text_color%22%93,%22gcid-e96f76f2-8dc5-4abd-b04b-2358d1f1a2e4%22:%91%22text_text_color%22,%22text_text_color%22,%22text_text_color%22%93,%22gcid-e364875f-75a2-455b-b389-e0c42d61411a%22:%91%22header_2_text_color%22,%22header_text_color%22%93}\u00bb]@ET-DC@eyJkeW5hbWljIjp0cnVlLCJjb250ZW50IjoicG9zdF90aXRsZSIsInNldHRpbmdzIjp7ImJlZm9yZSI6IjxoMT4iLCJhZnRlciI6IjwvaDE+In19@[\/et_pb_text][\/et_pb_column][\/et_pb_row][\/et_pb_section][et_pb_section fb_built=\u00bb1&#8243; make_equal=\u00bbon\u00bb use_custom_gutter=\u00bbon\u00bb gutter_width=\u00bb1&#8243; specialty=\u00bbon\u00bb custom_css_main_1=\u00bbmargin:auto;||z-index: 99!important\u00bb module_class=\u00bbreversesp\u00bb _builder_version=\u00bb4.21.0&#8243; _module_preset=\u00bbdefault\u00bb background_color=\u00bb#eefffd\u00bb custom_padding=\u00bb25px||25px||true|false\u00bb locked=\u00bboff\u00bb global_colors_info=\u00bb{}\u00bb][et_pb_column type=\u00bb1_2&#8243; specialty_columns=\u00bb2&#8243; _builder_version=\u00bb4.16&#8243; custom_padding=\u00bb|||\u00bb global_colors_info=\u00bb{}\u00bb custom_padding__hover=\u00bb|||\u00bb][et_pb_row_inner use_custom_gutter=\u00bbon\u00bb gutter_width=\u00bb2&#8243; make_equal=\u00bbon\u00bb _builder_version=\u00bb4.20.2&#8243; _module_preset=\u00bbdefault\u00bb transform_scale_tablet=\u00bb\u00bb transform_scale_phone=\u00bb\u00bb transform_scale_last_edited=\u00bbon|tablet\u00bb transform_translate_tablet=\u00bb0px|-40px\u00bb transform_translate_phone=\u00bb0px|-40px\u00bb transform_translate_last_edited=\u00bbon|tablet\u00bb transform_translate_linked_tablet=\u00bboff\u00bb transform_rotate_tablet=\u00bb\u00bb transform_rotate_phone=\u00bb\u00bb transform_rotate_last_edited=\u00bbon|tablet\u00bb transform_skew_tablet=\u00bb\u00bb transform_skew_phone=\u00bb\u00bb transform_skew_last_edited=\u00bbon|tablet\u00bb transform_origin_tablet=\u00bb\u00bb transform_origin_phone=\u00bb\u00bb transform_origin_last_edited=\u00bbon|tablet\u00bb transform_styles_last_edited=\u00bbon|tablet\u00bb z_index=\u00bb70&#8243; width_tablet=\u00bb95%\u00bb width_phone=\u00bb95%\u00bb width_last_edited=\u00bbon|phone\u00bb max_width=\u00bb1080px\u00bb custom_padding=\u00bb0px||0px||true|false\u00bb transform_styles_tablet=\u00bb\u00bb transform_styles_phone=\u00bb\u00bb module_alignment_tablet=\u00bbcenter\u00bb module_alignment_phone=\u00bbcenter\u00bb module_alignment_last_edited=\u00bbon|phone\u00bb locked=\u00bboff\u00bb global_colors_info=\u00bb{}\u00bb][et_pb_column_inner saved_specialty_column_type=\u00bb1_2&#8243; _builder_version=\u00bb4.20.2&#8243; _module_preset=\u00bbdefault\u00bb background_color=\u00bbgcid-e364875f-75a2-455b-b389-e0c42d61411a\u00bb transform_scale_tablet=\u00bb\u00bb transform_scale_phone=\u00bb\u00bb transform_scale_last_edited=\u00bbon|phone\u00bb transform_translate_tablet=\u00bb\u00bb transform_translate_phone=\u00bb0px|-40px\u00bb transform_translate_last_edited=\u00bbon|phone\u00bb transform_translate_linked=\u00bboff\u00bb transform_rotate_tablet=\u00bb\u00bb transform_rotate_phone=\u00bb\u00bb transform_rotate_last_edited=\u00bbon|phone\u00bb transform_skew_tablet=\u00bb\u00bb transform_skew_phone=\u00bb\u00bb transform_skew_last_edited=\u00bbon|phone\u00bb transform_origin_tablet=\u00bb\u00bb transform_origin_phone=\u00bb\u00bb transform_origin_last_edited=\u00bbon|phone\u00bb transform_styles_last_edited=\u00bbon|phone\u00bb z_index=\u00bb10&#8243; custom_padding=\u00bb40px|30px|40px|30px|true|true\u00bb custom_padding_tablet=\u00bb40px|30px|40px|30px|true|true\u00bb custom_padding_phone=\u00bb30px|20px|30px|20px|true|true\u00bb custom_padding_last_edited=\u00bbon|phone\u00bb transform_styles_tablet=\u00bb\u00bb transform_styles_phone=\u00bb\u00bb custom_css_main_element=\u00bbmargin: auto;||\u00bb border_radii=\u00bbon|10px|10px|10px|10px\u00bb box_shadow_style=\u00bbpreset2&#8243; box_shadow_horizontal=\u00bb0px\u00bb box_shadow_vertical=\u00bb0px\u00bb box_shadow_blur=\u00bb40px\u00bb box_shadow_spread=\u00bb-4px\u00bb box_shadow_color=\u00bbrgba(110,130,208,0.15)\u00bb global_colors_info=\u00bb{%22gcid-e364875f-75a2-455b-b389-e0c42d61411a%22:%91%22background_color%22%93}\u00bb][et_pb_text _builder_version=\u00bb4.21.0&#8243; _module_preset=\u00bb4d65e856-1d32-45da-8e0b-242aa1f282a2&#8243; header_2_text_align=\u00bbleft\u00bb header_5_text_align=\u00bbcenter\u00bb custom_margin=\u00bb||5px||false|false\u00bb locked=\u00bboff\u00bb global_colors_info=\u00bb{}\u00bb]<\/p>\n<h2>Conoce nuestra historia<\/h2>\n<p>[\/et_pb_text][et_pb_text _builder_version=\u00bb4.20.2&#8243; _module_preset=\u00bbdefault\u00bb global_colors_info=\u00bb{}\u00bb]<\/p>\n<p><span>En CV AL ALBA ofrecemos atenci\u00f3n veterinaria de excelencia en Valdecaballeros desde el a\u00f1o 2014. Nos preocupamos por todo tipo de animales y ofrecemos una amplia variedad de servicios para mascotas de todas las razas.<\/span><br class=\"wixui-rich-text__text\" \/><span>Ofrecemos una amplia gama de cuidados bas\u00e1ndonos en la prevenci\u00f3n y el diagn\u00f3stico precoz como base de la salud de nuestros pacientes.<\/span><br class=\"wixui-rich-text__text\" \/><br class=\"wixui-rich-text__text\" \/><span>Esperamos dar la bienvenida a su mascota a nuestra familia.<\/span><\/p>\n<p>[\/et_pb_text][\/et_pb_column_inner][\/et_pb_row_inner][\/et_pb_column][et_pb_column type=\u00bb1_2&#8243; _builder_version=\u00bb4.16&#8243; custom_padding=\u00bb|||\u00bb global_colors_info=\u00bb{}\u00bb custom_padding__hover=\u00bb|||\u00bb][et_pb_image src=\u00bbhttps:\/\/cvalalba.com\/wp-content\/uploads\/2023\/09\/IMG_20210318_162538_1424-1-scaled.jpg\u00bb title_text=\u00bbIMG_20210318_162538_142~4 (1)\u00bb _builder_version=\u00bb4.21.0&#8243; _module_preset=\u00bbdefault\u00bb border_radii=\u00bbon|10px|10px|10px|10px\u00bb global_colors_info=\u00bb{}\u00bb][\/et_pb_image][\/et_pb_column][\/et_pb_section][et_pb_section fb_built=\u00bb1&#8243; _builder_version=\u00bb4.21.0&#8243; _module_preset=\u00bbdefault\u00bb background_color=\u00bb#eefffd\u00bb global_colors_info=\u00bb{}\u00bb][et_pb_row _builder_version=\u00bb4.21.0&#8243; _module_preset=\u00bbdefault\u00bb global_colors_info=\u00bb{}\u00bb][et_pb_column type=\u00bb4_4&#8243; _builder_version=\u00bb4.21.0&#8243; _module_preset=\u00bbdefault\u00bb global_colors_info=\u00bb{}\u00bb][et_pb_text _builder_version=\u00bb4.20.2&#8243; _module_preset=\u00bb4d65e856-1d32-45da-8e0b-242aa1f282a2&#8243; header_2_text_align=\u00bbcenter\u00bb header_5_text_align=\u00bbcenter\u00bb global_colors_info=\u00bb{}\u00bb]<\/p>\n<h2>Descubre Nuestras Instalaciones<\/h2>\n<p>[\/et_pb_text][\/et_pb_column][\/et_pb_row][\/et_pb_section][et_pb_section fb_built=\u00bb1&#8243; _builder_version=\u00bb4.21.0&#8243; _module_preset=\u00bbdefault\u00bb background_color=\u00bb#eefffd\u00bb global_colors_info=\u00bb{}\u00bb][et_pb_row _builder_version=\u00bb4.21.0&#8243; _module_preset=\u00bbdefault\u00bb global_colors_info=\u00bb{}\u00bb][et_pb_column type=\u00bb4_4&#8243; _builder_version=\u00bb4.21.0&#8243; _module_preset=\u00bbdefault\u00bb global_colors_info=\u00bb{}\u00bb][et_pb_gallery gallery_ids=\u00bb486,485,484,424,422,425,421,420,483,415,414,643,644,645,646,647,648,649&#8243; fullwidth=\u00bbon\u00bb _builder_version=\u00bb4.24.2&#8243; _module_preset=\u00bbdefault\u00bb width=\u00bb800px\u00bb width_tablet=\u00bb800px\u00bb width_phone=\u00bb800px\u00bb width_last_edited=\u00bbon|phone\u00bb max_width=\u00bb800px\u00bb max_width_tablet=\u00bb800px\u00bb max_width_phone=\u00bb100%\u00bb max_width_last_edited=\u00bbon|phone\u00bb module_alignment=\u00bbcenter\u00bb min_height=\u00bb800px\u00bb height=\u00bb800px\u00bb max_height=\u00bb800px\u00bb custom_css_main_element=\u00bbwidth:600px;||height:600px;||\u00bb global_colors_info=\u00bb{}\u00bb][\/et_pb_gallery][\/et_pb_column][\/et_pb_row][\/et_pb_section][et_pb_section fb_built=\u00bb1&#8243; _builder_version=\u00bb4.21.0&#8243; _module_preset=\u00bbdefault\u00bb background_color=\u00bb#eefffd\u00bb global_colors_info=\u00bb{}\u00bb][et_pb_row _builder_version=\u00bb4.20.2&#8243; _module_preset=\u00bb4fd7d1aa-103e-4ca8-8238-c2aeaa88f2e0&#8243; locked=\u00bboff\u00bb global_colors_info=\u00bb{}\u00bb][et_pb_column type=\u00bb4_4&#8243; _builder_version=\u00bb4.20.2&#8243; _module_preset=\u00bbdefault\u00bb global_colors_info=\u00bb{}\u00bb][et_pb_text _builder_version=\u00bb4.20.2&#8243; _module_preset=\u00bb4d65e856-1d32-45da-8e0b-242aa1f282a2&#8243; header_2_text_align=\u00bbcenter\u00bb header_5_text_align=\u00bbcenter\u00bb global_colors_info=\u00bb{}\u00bb]<\/p>\n<h2>Nuestros Profesionales Veterinarios<\/h2>\n<p>[\/et_pb_text][\/et_pb_column][\/et_pb_row][et_pb_row column_structure=\u00bb1_3,1_3,1_3&#8243; _builder_version=\u00bb4.20.2&#8243; _module_preset=\u00bbdefault\u00bb global_colors_info=\u00bb{}\u00bb][et_pb_column type=\u00bb1_3&#8243; _builder_version=\u00bb4.20.2&#8243; _module_preset=\u00bbdefault\u00bb global_colors_info=\u00bb{}\u00bb][et_pb_team_member name=\u00bbName Goes Here\u00bb position=\u00bbPosition\u00bb image_url=\u00bbhttps:\/\/cvalalba.com\/wp-content\/uploads\/2023\/06\/188A0040.jpg\u00bb icon_color=\u00bb#9F1066&#8243; disabled_on=\u00bbon|on|on\u00bb _builder_version=\u00bb4.20.2&#8243; _module_preset=\u00bbdefault\u00bb header_font=\u00bbViga||||||||\u00bb header_text_color=\u00bbgcid-e7308a3f-c783-4d8c-91ee-2ad13d56ec45&#8243; header_font_size=\u00bb20px\u00bb position_font=\u00bbWork Sans||||||||\u00bb position_text_color=\u00bbgcid-8323165f-da91-4be0-b31b-381a5027f40d\u00bb position_font_size=\u00bb17px\u00bb position_line_height=\u00bb1.9em\u00bb background_color=\u00bbrgba(246,233,241,0.39)\u00bb custom_padding=\u00bb||20px||false|false\u00bb custom_css_title=\u00bbpadding: 10px 20px 5px;||\u00bb custom_css_member_position=\u00bbpadding: 0px 20px 5px;||\u00bb border_radii=\u00bbon|10px|10px|10px|10px\u00bb disabled=\u00bbon\u00bb global_colors_info=\u00bb{%22gcid-e7308a3f-c783-4d8c-91ee-2ad13d56ec45%22:%91%22header_text_color%22%93,%22gcid-8323165f-da91-4be0-b31b-381a5027f40d%22:%91%22position_text_color%22%93}\u00bb][\/et_pb_team_member][\/et_pb_column][et_pb_column type=\u00bb1_3&#8243; _builder_version=\u00bb4.20.2&#8243; _module_preset=\u00bbdefault\u00bb global_colors_info=\u00bb{}\u00bb][et_pb_team_member name=\u00bbAlba Pastor\u00bb position=\u00bbFundadora y veterinaria \u00bb image_url=\u00bbhttps:\/\/cvalalba.com\/wp-content\/uploads\/2023\/10\/1696672862250-scaled.jpg\u00bb icon_color=\u00bb#9F1066&#8243; _builder_version=\u00bb4.21.0&#8243; _module_preset=\u00bbdefault\u00bb header_font=\u00bbViga||||||||\u00bb header_text_align=\u00bbcenter\u00bb header_text_color=\u00bb#003399&#8243; header_font_size=\u00bb20px\u00bb body_text_color=\u00bb#003399&#8243; position_font=\u00bbWork Sans||||||||\u00bb position_text_align=\u00bbcenter\u00bb position_text_color=\u00bb#003399&#8243; position_font_size=\u00bb17px\u00bb position_line_height=\u00bb1.9em\u00bb background_enable_color=\u00bboff\u00bb custom_padding=\u00bb||20px||false|false\u00bb custom_css_title=\u00bbpadding: 10px 20px 5px;||\u00bb custom_css_member_position=\u00bbpadding: 0px 20px 5px;||\u00bb border_radii=\u00bbon|10px|10px|10px|10px\u00bb locked=\u00bboff\u00bb global_colors_info=\u00bb{}\u00bb][\/et_pb_team_member][\/et_pb_column][et_pb_column type=\u00bb1_3&#8243; _builder_version=\u00bb4.20.2&#8243; _module_preset=\u00bbdefault\u00bb global_colors_info=\u00bb{}\u00bb][et_pb_team_member name=\u00bbName Goes Here\u00bb position=\u00bbPosition\u00bb image_url=\u00bbhttps:\/\/cvalalba.com\/wp-content\/uploads\/2023\/06\/188A0040.jpg\u00bb icon_color=\u00bb#9F1066&#8243; disabled_on=\u00bbon|on|on\u00bb _builder_version=\u00bb4.20.2&#8243; _module_preset=\u00bbdefault\u00bb header_font=\u00bbViga||||||||\u00bb header_text_color=\u00bbgcid-e7308a3f-c783-4d8c-91ee-2ad13d56ec45&#8243; header_font_size=\u00bb20px\u00bb position_font=\u00bbWork Sans||||||||\u00bb position_text_color=\u00bbgcid-8323165f-da91-4be0-b31b-381a5027f40d\u00bb position_font_size=\u00bb17px\u00bb position_line_height=\u00bb1.9em\u00bb background_color=\u00bbrgba(246,233,241,0.39)\u00bb custom_padding=\u00bb||20px||false|false\u00bb custom_css_title=\u00bbpadding: 10px 20px 5px;||\u00bb custom_css_member_position=\u00bbpadding: 0px 20px 5px;||\u00bb border_radii=\u00bbon|10px|10px|10px|10px\u00bb disabled=\u00bbon\u00bb locked=\u00bboff\u00bb global_colors_info=\u00bb{%22gcid-e7308a3f-c783-4d8c-91ee-2ad13d56ec45%22:%91%22header_text_color%22%93,%22gcid-8323165f-da91-4be0-b31b-381a5027f40d%22:%91%22position_text_color%22%93}\u00bb][\/et_pb_team_member][\/et_pb_column][\/et_pb_row][\/et_pb_section][et_pb_section fb_built=\u00bb1&#8243; _builder_version=\u00bb4.21.0&#8243; _module_preset=\u00bbdefault\u00bb background_color=\u00bb#eefffd\u00bb global_colors_info=\u00bb{}\u00bb][et_pb_row _builder_version=\u00bb4.21.0&#8243; _module_preset=\u00bbdefault\u00bb global_colors_info=\u00bb{}\u00bb][et_pb_column type=\u00bb4_4&#8243; _builder_version=\u00bb4.21.0&#8243; _module_preset=\u00bbdefault\u00bb global_colors_info=\u00bb{}\u00bb][et_pb_text _builder_version=\u00bb4.21.0&#8243; _module_preset=\u00bb4d65e856-1d32-45da-8e0b-242aa1f282a2&#8243; header_2_text_align=\u00bbcenter\u00bb header_5_text_align=\u00bbcenter\u00bb global_colors_info=\u00bb{}\u00bb]<\/p>\n<h2>Algunos Pacientes<\/h2>\n<p>[\/et_pb_text][\/et_pb_column][\/et_pb_row][et_pb_row _builder_version=\u00bb4.21.0&#8243; _module_preset=\u00bbdefault\u00bb global_colors_info=\u00bb{}\u00bb][et_pb_column type=\u00bb4_4&#8243; _builder_version=\u00bb4.21.0&#8243; _module_preset=\u00bbdefault\u00bb global_colors_info=\u00bb{}\u00bb][et_pb_gallery gallery_ids=\u00bb492,491,490,489,488,487,498,497,496,495&#8243; fullwidth=\u00bbon\u00bb _builder_version=\u00bb4.24.2&#8243; _module_preset=\u00bbdefault\u00bb width=\u00bb800px\u00bb width_tablet=\u00bb800px\u00bb width_phone=\u00bb800px\u00bb width_last_edited=\u00bbon|phone\u00bb max_width=\u00bb800px\u00bb max_width_tablet=\u00bb800px\u00bb max_width_phone=\u00bb100%\u00bb max_width_last_edited=\u00bbon|phone\u00bb module_alignment=\u00bbcenter\u00bb min_height=\u00bb800px\u00bb height=\u00bb800px\u00bb max_height=\u00bb800px\u00bb custom_css_main_element=\u00bbwidth:600px;||height:600px;||\u00bb global_colors_info=\u00bb{}\u00bb][\/et_pb_gallery][\/et_pb_column][\/et_pb_row][\/et_pb_section]<\/p>","protected":false},"excerpt":{"rendered":"<p>Centro veterinario Al AlbaConoce nuestra historiaEn CV AL ALBA ofrecemos atenci\u00f3n veterinaria de excelencia en Valdecaballeros desde el a\u00f1o 2014. Nos preocupamos por todo tipo de animales y ofrecemos una amplia variedad de servicios para mascotas de todas las razas.Ofrecemos una amplia gama de cuidados bas\u00e1ndonos en la prevenci\u00f3n y el diagn\u00f3stico precoz como base [&hellip;]<\/p>","protected":false},"author":1,"featured_media":0,"parent":0,"menu_order":0,"comment_status":"closed","ping_status":"closed","template":"","meta":{"_et_pb_use_builder":"on","_et_pb_old_content":"","_et_gb_content_width":"","footnotes":""},"class_list":["post-153","page","type-page","status-publish","hentry"],"yoast_head":"<!-- This site is optimized with the Yoast SEO plugin v23.8 - https:\/\/yoast.com\/wordpress\/plugins\/seo\/ -->\n<title>Con\u00f3cenos - Centro Veterinario Al Alba<\/title>\n<meta name=\"robots\" content=\"index, follow, max-snippet:-1, max-image-preview:large, max-video-preview:-1\" \/>\n<link rel=\"canonical\" href=\"https:\/\/cvalalba.com\/en\/acerca-de\/\" \/>\n<meta property=\"og:locale\" content=\"en_GB\" \/>\n<meta property=\"og:type\" content=\"article\" \/>\n<meta property=\"og:title\" content=\"Con\u00f3cenos - Centro Veterinario Al Alba\" \/>\n<meta property=\"og:description\" content=\"Centro veterinario Al AlbaConoce nuestra historiaEn CV AL ALBA ofrecemos atenci\u00f3n veterinaria de excelencia en Valdecaballeros desde el a\u00f1o 2014. Nos preocupamos por todo tipo de animales y ofrecemos una amplia variedad de servicios para mascotas de todas las razas.Ofrecemos una amplia gama de cuidados bas\u00e1ndonos en la prevenci\u00f3n y el diagn\u00f3stico precoz como base [&hellip;]\" \/>\n<meta property=\"og:url\" content=\"https:\/\/cvalalba.com\/en\/acerca-de\/\" \/>\n<meta property=\"og:site_name\" content=\"Centro Veterinario Al Alba\" \/>\n<meta property=\"article:publisher\" content=\"https:\/\/www.facebook.com\/centrokissa\/\" \/>\n<meta property=\"article:modified_time\" content=\"2024-06-14T15:01:53+00:00\" \/>\n<meta name=\"twitter:card\" content=\"summary_large_image\" \/>\n<meta name=\"twitter:label1\" content=\"Estimated reading time\" \/>\n\t<meta name=\"twitter:data1\" content=\"3 minutes\" \/>\n<script type=\"application\/ld+json\" class=\"yoast-schema-graph\">{\"@context\":\"https:\/\/schema.org\",\"@graph\":[{\"@type\":\"WebPage\",\"@id\":\"https:\/\/cvalalba.com\/acerca-de\/\",\"url\":\"https:\/\/cvalalba.com\/acerca-de\/\",\"name\":\"Con\u00f3cenos - Centro Veterinario Al Alba\",\"isPartOf\":{\"@id\":\"https:\/\/cvalalba.com\/#website\"},\"datePublished\":\"2023-04-01T05:33:17+00:00\",\"dateModified\":\"2024-06-14T15:01:53+00:00\",\"breadcrumb\":{\"@id\":\"https:\/\/cvalalba.com\/acerca-de\/#breadcrumb\"},\"inLanguage\":\"en-GB\",\"potentialAction\":[{\"@type\":\"ReadAction\",\"target\":[\"https:\/\/cvalalba.com\/acerca-de\/\"]}]},{\"@type\":\"BreadcrumbList\",\"@id\":\"https:\/\/cvalalba.com\/acerca-de\/#breadcrumb\",\"itemListElement\":[{\"@type\":\"ListItem\",\"position\":1,\"name\":\"Portada\",\"item\":\"https:\/\/cvalalba.com\/\"},{\"@type\":\"ListItem\",\"position\":2,\"name\":\"Con\u00f3cenos\"}]},{\"@type\":\"WebSite\",\"@id\":\"https:\/\/cvalalba.com\/#website\",\"url\":\"https:\/\/cvalalba.com\/\",\"name\":\"Centro Veterinario Al Alba\",\"description\":\"&lsquo;&rsquo;La receta de la felicidad, su salud&rsquo;&rsquo;\",\"publisher\":{\"@id\":\"https:\/\/cvalalba.com\/#organization\"},\"potentialAction\":[{\"@type\":\"SearchAction\",\"target\":{\"@type\":\"EntryPoint\",\"urlTemplate\":\"https:\/\/cvalalba.com\/?s={search_term_string}\"},\"query-input\":{\"@type\":\"PropertyValueSpecification\",\"valueRequired\":true,\"valueName\":\"search_term_string\"}}],\"inLanguage\":\"en-GB\"},{\"@type\":\"Organization\",\"@id\":\"https:\/\/cvalalba.com\/#organization\",\"name\":\"Hospital Veterinario Kissa\",\"url\":\"https:\/\/cvalalba.com\/\",\"logo\":{\"@type\":\"ImageObject\",\"inLanguage\":\"en-GB\",\"@id\":\"https:\/\/cvalalba.com\/#\/schema\/logo\/image\/\",\"url\":\"https:\/\/cvalalba.com\/wp-content\/uploads\/2023\/06\/kissa-logotipo-def-1.png\",\"contentUrl\":\"https:\/\/cvalalba.com\/wp-content\/uploads\/2023\/06\/kissa-logotipo-def-1.png\",\"width\":435,\"height\":434,\"caption\":\"Hospital Veterinario Kissa\"},\"image\":{\"@id\":\"https:\/\/cvalalba.com\/#\/schema\/logo\/image\/\"},\"sameAs\":[\"https:\/\/www.facebook.com\/centrokissa\/\",\"https:\/\/www.instagram.com\/centroveterinariokissa\/?hl=es\"]}]}<\/script>\n<!-- \/ Yoast SEO plugin. -->","yoast_head_json":{"title":"Con\u00f3cenos - Centro Veterinario Al Alba","robots":{"index":"index","follow":"follow","max-snippet":"max-snippet:-1","max-image-preview":"max-image-preview:large","max-video-preview":"max-video-preview:-1"},"canonical":"https:\/\/cvalalba.com\/en\/acerca-de\/","og_locale":"en_GB","og_type":"article","og_title":"Con\u00f3cenos - Centro Veterinario Al Alba","og_description":"Centro veterinario Al AlbaConoce nuestra historiaEn CV AL ALBA ofrecemos atenci\u00f3n veterinaria de excelencia en Valdecaballeros desde el a\u00f1o 2014. Nos preocupamos por todo tipo de animales y ofrecemos una amplia variedad de servicios para mascotas de todas las razas.Ofrecemos una amplia gama de cuidados bas\u00e1ndonos en la prevenci\u00f3n y el diagn\u00f3stico precoz como base [&hellip;]","og_url":"https:\/\/cvalalba.com\/en\/acerca-de\/","og_site_name":"Centro Veterinario Al Alba","article_publisher":"https:\/\/www.facebook.com\/centrokissa\/","article_modified_time":"2024-06-14T15:01:53+00:00","twitter_card":"summary_large_image","twitter_misc":{"Estimated reading time":"3 minutes"},"schema":{"@context":"https:\/\/schema.org","@graph":[{"@type":"WebPage","@id":"https:\/\/cvalalba.com\/acerca-de\/","url":"https:\/\/cvalalba.com\/acerca-de\/","name":"Con\u00f3cenos - Centro Veterinario Al Alba","isPartOf":{"@id":"https:\/\/cvalalba.com\/#website"},"datePublished":"2023-04-01T05:33:17+00:00","dateModified":"2024-06-14T15:01:53+00:00","breadcrumb":{"@id":"https:\/\/cvalalba.com\/acerca-de\/#breadcrumb"},"inLanguage":"en-GB","potentialAction":[{"@type":"ReadAction","target":["https:\/\/cvalalba.com\/acerca-de\/"]}]},{"@type":"BreadcrumbList","@id":"https:\/\/cvalalba.com\/acerca-de\/#breadcrumb","itemListElement":[{"@type":"ListItem","position":1,"name":"Portada","item":"https:\/\/cvalalba.com\/"},{"@type":"ListItem","position":2,"name":"Con\u00f3cenos"}]},{"@type":"WebSite","@id":"https:\/\/cvalalba.com\/#website","url":"https:\/\/cvalalba.com\/","name":"Centro Veterinario Al Alba","description":"&lsquo;&rsquo;La receta de la felicidad, su salud&rsquo;&rsquo;","publisher":{"@id":"https:\/\/cvalalba.com\/#organization"},"potentialAction":[{"@type":"SearchAction","target":{"@type":"EntryPoint","urlTemplate":"https:\/\/cvalalba.com\/?s={search_term_string}"},"query-input":{"@type":"PropertyValueSpecification","valueRequired":true,"valueName":"search_term_string"}}],"inLanguage":"en-GB"},{"@type":"Organization","@id":"https:\/\/cvalalba.com\/#organization","name":"Hospital Veterinario Kissa","url":"https:\/\/cvalalba.com\/","logo":{"@type":"ImageObject","inLanguage":"en-GB","@id":"https:\/\/cvalalba.com\/#\/schema\/logo\/image\/","url":"https:\/\/cvalalba.com\/wp-content\/uploads\/2023\/06\/kissa-logotipo-def-1.png","contentUrl":"https:\/\/cvalalba.com\/wp-content\/uploads\/2023\/06\/kissa-logotipo-def-1.png","width":435,"height":434,"caption":"Hospital Veterinario Kissa"},"image":{"@id":"https:\/\/cvalalba.com\/#\/schema\/logo\/image\/"},"sameAs":["https:\/\/www.facebook.com\/centrokissa\/","https:\/\/www.instagram.com\/centroveterinariokissa\/?hl=es"]}]}},"_links":{"self":[{"href":"https:\/\/cvalalba.com\/en\/wp-json\/wp\/v2\/pages\/153","targetHints":{"allow":["GET"]}}],"collection":[{"href":"https:\/\/cvalalba.com\/en\/wp-json\/wp\/v2\/pages"}],"about":[{"href":"https:\/\/cvalalba.com\/en\/wp-json\/wp\/v2\/types\/page"}],"author":[{"embeddable":true,"href":"https:\/\/cvalalba.com\/en\/wp-json\/wp\/v2\/users\/1"}],"replies":[{"embeddable":true,"href":"https:\/\/cvalalba.com\/en\/wp-json\/wp\/v2\/comments?post=153"}],"version-history":[{"count":13,"href":"https:\/\/cvalalba.com\/en\/wp-json\/wp\/v2\/pages\/153\/revisions"}],"predecessor-version":[{"id":710,"href":"https:\/\/cvalalba.com\/en\/wp-json\/wp\/v2\/pages\/153\/revisions\/710"}],"wp:attachment":[{"href":"https:\/\/cvalalba.com\/en\/wp-json\/wp\/v2\/media?parent=153"}],"curies":[{"name":"wp","href":"https:\/\/api.w.org\/{rel}","templated":true}]}}